{"id":10590,"date":"2024-12-31T01:53:11","date_gmt":"2024-12-31T00:53:11","guid":{"rendered":"https:\/\/happy-plants.pl\/index.php\/produkt\/flower-herb-drying-rack-metal\/"},"modified":"2026-04-24T15:39:46","modified_gmt":"2026-04-24T13:39:46","slug":"flower-herb-drying-rack-metal","status":"publish","type":"product","link":"https:\/\/happy-plants.pl\/index.php\/produkt\/flower-herb-drying-rack-metal\/","title":{"rendered":"Suszarka do kwiat\u00f3w i zi\u00f3\u0142"},"content":{"rendered":"<p>Zio\u0142a s\u0105 pyszne \u015bwie\u017ce, ale mo\u017cna je r\u00f3wnie\u017c u\u017cywa\u0107 po wysuszeniu. Zwi\u0105\u017c \u015bwie\u017ce zio\u0142a razem sznurkiem i zawie\u015b je na hakach tej suszarki do zi\u00f3\u0142 i kwiat\u00f3w. podczas suszenia kwiat\u00f3w i zi\u00f3\u0142 Opr\u00f3cz tego, \u017ce suszenie zi\u00f3\u0142 i kwiat\u00f3w jest dekoracyjne, po wysuszeniu mo\u017cna je wykorzysta\u0107 w gotowaniu lub uk\u0142adaniu kwiat\u00f3w.?<\/p>\n<p>&#8211; w tym 5 regulowanych hak\u00f3w<br \/>\n&#8211; zapakowane w foli\u0119 termokurczliw\u0105 i wk\u0142adk\u0119<\/p>\n<p><strong>Waga: <\/strong><br \/>\n0.48 kg<br \/>\n<strong>Wymiary: <\/strong><br \/>\n35.4 \u00d7 35.4 \u00d7 40 cm<br \/>\n<strong>Materia\u0142: <\/strong><br \/>\nStal mi\u0119kka<\/p>\n<p><strong>WYSY\u0141KA artyku\u0142\u00f3w z kategorii akcesoria, b\u0119dzie przez nas realizowana w terminie do 30 kwietnia 2025 r. razem z karpami dalii.<\/strong><\/p>\n","protected":false},"excerpt":{"rendered":"<p>Zio\u0142a s\u0105 pyszne \u015bwie\u017ce, ale mo\u017cna je r\u00f3wnie\u017c u\u017cywa\u0107 po wysuszeniu. Zwi\u0105\u017c \u015bwie\u017ce zio\u0142a razem sznurkiem i zawie\u015b je na hakach tej suszarki do zi\u00f3\u0142 i kwiat\u00f3w. podczas suszenia kwiat\u00f3w i zi\u00f3\u0142 Opr\u00f3cz tego, \u017ce suszenie zi\u00f3\u0142 i kwiat\u00f3w jest dekoracyjne, po wysuszeniu mo\u017cna je wykorzysta\u0107 w gotowaniu lub uk\u0142adaniu kwiat\u00f3w.? &#8211; w tym 5 [&hellip;]<\/p>\n","protected":false},"featured_media":10656,"template":"","meta":[],"product_brand":[],"product_cat":[89],"product_tag":[],"class_list":{"0":"post-10590","1":"product","2":"type-product","3":"status-publish","4":"has-post-thumbnail","6":"product_cat-akcesoria","8":"first","9":"instock","10":"taxable","11":"shipping-taxable","12":"purchasable","13":"product-type-simple"},"jetpack_sharing_enabled":true,"_links":{"self":[{"href":"https:\/\/happy-plants.pl\/index.php\/wp-json\/wp\/v2\/product\/10590","targetHints":{"allow":["GET"]}}],"collection":[{"href":"https:\/\/happy-plants.pl\/index.php\/wp-json\/wp\/v2\/product"}],"about":[{"href":"https:\/\/happy-plants.pl\/index.php\/wp-json\/wp\/v2\/types\/product"}],"wp:featuredmedia":[{"embeddable":true,"href":"https:\/\/happy-plants.pl\/index.php\/wp-json\/wp\/v2\/media\/10656"}],"wp:attachment":[{"href":"https:\/\/happy-plants.pl\/index.php\/wp-json\/wp\/v2\/media?parent=10590"}],"wp:term":[{"taxonomy":"product_brand","embeddable":true,"href":"https:\/\/happy-plants.pl\/index.php\/wp-json\/wp\/v2\/product_brand?post=10590"},{"taxonomy":"product_cat","embeddable":true,"href":"https:\/\/happy-plants.pl\/index.php\/wp-json\/wp\/v2\/product_cat?post=10590"},{"taxonomy":"product_tag","embeddable":true,"href":"https:\/\/happy-plants.pl\/index.php\/wp-json\/wp\/v2\/product_tag?post=10590"}],"curies":[{"name":"wp","href":"https:\/\/api.w.org\/{rel}","templated":true}]}}