{"id":10596,"date":"2024-12-31T01:53:13","date_gmt":"2024-12-31T00:53:13","guid":{"rendered":"https:\/\/happy-plants.pl\/index.php\/produkt\/wire-soap-holder\/"},"modified":"2026-04-24T14:55:23","modified_gmt":"2026-04-24T12:55:23","slug":"wire-soap-holder","status":"publish","type":"product","link":"https:\/\/happy-plants.pl\/index.php\/produkt\/wire-soap-holder\/","title":{"rendered":"Druciany uchwyt na myd\u0142o"},"content":{"rendered":"<p>&#8217;- solidna konstrukcja<\/p>\n<p>&#8211; otwarta struktura u\u0142atwiaj\u0105ca odprowadzanie wody<\/p>\n<p>&#8211; antyczny wygl\u0105d<\/p>\n<p>Waga:<br \/>\n0,233 kg<br \/>\nWymiary:<br \/>\n10,7 \u00d7 15,8 \u00d7 13 cm<br \/>\nMateria\u0142:<br \/>\n\u017belazo<\/p>\n<p><strong>WYSY\u0141KA artyku\u0142\u00f3w z kategorii akcesoria, b\u0119dzie przez nas realizowana w terminie do 30 kwietnia 2025 r. razem z karpami dalii.<\/strong><\/p>\n","protected":false},"excerpt":{"rendered":"<p>&#8217;- solidna konstrukcja &#8211; otwarta struktura u\u0142atwiaj\u0105ca odprowadzanie wody &#8211; antyczny wygl\u0105d Waga: 0,233 kg Wymiary: 10,7 \u00d7 15,8 \u00d7 13 cm Materia\u0142: \u017belazo WYSY\u0141KA artyku\u0142\u00f3w z kategorii akcesoria, b\u0119dzie przez nas realizowana w terminie do 30 kwietnia 2025 r. razem z karpami dalii.<\/p>\n","protected":false},"featured_media":10711,"template":"","meta":[],"product_brand":[],"product_cat":[89],"product_tag":[],"class_list":{"0":"post-10596","1":"product","2":"type-product","3":"status-publish","4":"has-post-thumbnail","6":"product_cat-akcesoria","8":"first","9":"instock","10":"taxable","11":"shipping-taxable","12":"purchasable","13":"product-type-simple"},"jetpack_sharing_enabled":true,"_links":{"self":[{"href":"https:\/\/happy-plants.pl\/index.php\/wp-json\/wp\/v2\/product\/10596","targetHints":{"allow":["GET"]}}],"collection":[{"href":"https:\/\/happy-plants.pl\/index.php\/wp-json\/wp\/v2\/product"}],"about":[{"href":"https:\/\/happy-plants.pl\/index.php\/wp-json\/wp\/v2\/types\/product"}],"wp:featuredmedia":[{"embeddable":true,"href":"https:\/\/happy-plants.pl\/index.php\/wp-json\/wp\/v2\/media\/10711"}],"wp:attachment":[{"href":"https:\/\/happy-plants.pl\/index.php\/wp-json\/wp\/v2\/media?parent=10596"}],"wp:term":[{"taxonomy":"product_brand","embeddable":true,"href":"https:\/\/happy-plants.pl\/index.php\/wp-json\/wp\/v2\/product_brand?post=10596"},{"taxonomy":"product_cat","embeddable":true,"href":"https:\/\/happy-plants.pl\/index.php\/wp-json\/wp\/v2\/product_cat?post=10596"},{"taxonomy":"product_tag","embeddable":true,"href":"https:\/\/happy-plants.pl\/index.php\/wp-json\/wp\/v2\/product_tag?post=10596"}],"curies":[{"name":"wp","href":"https:\/\/api.w.org\/{rel}","templated":true}]}}