{"id":10600,"date":"2024-12-31T01:53:14","date_gmt":"2024-12-31T00:53:14","guid":{"rendered":"https:\/\/happy-plants.pl\/index.php\/produkt\/garden-rope\/"},"modified":"2026-04-21T14:36:28","modified_gmt":"2026-04-21T12:36:28","slug":"garden-rope","status":"publish","type":"product","link":"https:\/\/happy-plants.pl\/index.php\/produkt\/garden-rope\/","title":{"rendered":"Sznurek ogrodowy"},"content":{"rendered":"<p>Ten bawe\u0142niany sznurek jest niezast\u0105piony do podwi\u0105zywania ro\u015blin i krzew\u00f3w. Jest mocny, odporny na warunki atmosferyczne i ma oko\u0142o 55 metr\u00f3w d\u0142ugo\u015bci. Nadaje si\u0119 r\u00f3wnie\u017c do cel\u00f3w dekoracyjnych.<\/p>\n<p>&#8211; wykonany z bawe\u0142ny<\/p>\n<p>&#8211; mocny i odporny na warunki atmosferyczne<\/p>\n<p>&#8211; nadaje si\u0119 r\u00f3wnie\u017c do cel\u00f3w dekoracyjnych<\/p>\n<p>Waga:<br \/>\n0,081 kg<\/p>\n<p>D\u0142ugo\u015b\u0107 ok 55 metr\u00f3w<\/p>\n<p>Materia\u0142:<br \/>\nBawe\u0142na<\/p>\n<p><strong>WYSY\u0141KA artyku\u0142\u00f3w z kategorii akcesoria, b\u0119dzie przez nas realizowana w terminie do 30 kwietnia 2025 r. razem z karpami dalii.<\/strong><\/p>\n","protected":false},"excerpt":{"rendered":"<p>Ten bawe\u0142niany sznurek jest niezast\u0105piony do podwi\u0105zywania ro\u015blin i krzew\u00f3w. Jest mocny, odporny na warunki atmosferyczne i ma oko\u0142o 55 metr\u00f3w d\u0142ugo\u015bci. Nadaje si\u0119 r\u00f3wnie\u017c do cel\u00f3w dekoracyjnych. &#8211; wykonany z bawe\u0142ny &#8211; mocny i odporny na warunki atmosferyczne &#8211; nadaje si\u0119 r\u00f3wnie\u017c do cel\u00f3w dekoracyjnych Waga: 0,081 kg D\u0142ugo\u015b\u0107 ok 55 metr\u00f3w Materia\u0142: Bawe\u0142na [&hellip;]<\/p>\n","protected":false},"featured_media":10669,"template":"","meta":[],"product_brand":[],"product_cat":[89],"product_tag":[],"class_list":{"0":"post-10600","1":"product","2":"type-product","3":"status-publish","4":"has-post-thumbnail","6":"product_cat-akcesoria","8":"first","9":"instock","10":"taxable","11":"shipping-taxable","12":"purchasable","13":"product-type-simple"},"jetpack_sharing_enabled":true,"_links":{"self":[{"href":"https:\/\/happy-plants.pl\/index.php\/wp-json\/wp\/v2\/product\/10600","targetHints":{"allow":["GET"]}}],"collection":[{"href":"https:\/\/happy-plants.pl\/index.php\/wp-json\/wp\/v2\/product"}],"about":[{"href":"https:\/\/happy-plants.pl\/index.php\/wp-json\/wp\/v2\/types\/product"}],"wp:featuredmedia":[{"embeddable":true,"href":"https:\/\/happy-plants.pl\/index.php\/wp-json\/wp\/v2\/media\/10669"}],"wp:attachment":[{"href":"https:\/\/happy-plants.pl\/index.php\/wp-json\/wp\/v2\/media?parent=10600"}],"wp:term":[{"taxonomy":"product_brand","embeddable":true,"href":"https:\/\/happy-plants.pl\/index.php\/wp-json\/wp\/v2\/product_brand?post=10600"},{"taxonomy":"product_cat","embeddable":true,"href":"https:\/\/happy-plants.pl\/index.php\/wp-json\/wp\/v2\/product_cat?post=10600"},{"taxonomy":"product_tag","embeddable":true,"href":"https:\/\/happy-plants.pl\/index.php\/wp-json\/wp\/v2\/product_tag?post=10600"}],"curies":[{"name":"wp","href":"https:\/\/api.w.org\/{rel}","templated":true}]}}