{"id":10602,"date":"2024-12-31T01:53:15","date_gmt":"2024-12-31T00:53:15","guid":{"rendered":"https:\/\/happy-plants.pl\/index.php\/produkt\/pruner-s\/"},"modified":"2026-04-25T00:02:36","modified_gmt":"2026-04-24T22:02:36","slug":"pruner-s","status":"publish","type":"product","link":"https:\/\/happy-plants.pl\/index.php\/produkt\/pruner-s\/","title":{"rendered":"Malutki sekator"},"content":{"rendered":"<p>Tradycyjne narz\u0119dzie ogrodnicze dla ka\u017cdego, kto ma zielone serce. Wyb\u00f3r trwa\u0142ych materia\u0142\u00f3w oznacza, \u017ce ??b\u0119dzie on s\u0142u\u017cy\u0107 przez d\u0142ugi czas.<\/p>\n<p>Nadaje si\u0119 do przycinania p\u0105k\u00f3w i kwiat\u00f3w. Ze wzgl\u0119du na sw\u00f3j rozmiar nadaje si\u0119 r\u00f3wnie\u017c do ogrodnictwa domowego.<br \/>\n&#8211; blokada z ty\u0142u<\/p>\n<p>&#8211; ergonomiczny uchwyt<\/p>\n<p>Waga:<br \/>\n0,08 kg<br \/>\nWymiary:<br \/>\n1,4 \u00d7 3,5 \u00d7 14,1 cm<\/p>\n<p>Materia\u0142: \u017celazo, PVC<\/p>\n<p><strong>WYSY\u0141KA artyku\u0142\u00f3w z kategorii akcesoria, b\u0119dzie przez nas realizowana w terminie do 30 kwietnia 2025 r. razem z karpami dalii.<\/strong><\/p>\n","protected":false},"excerpt":{"rendered":"<p>Tradycyjne narz\u0119dzie ogrodnicze dla ka\u017cdego, kto ma zielone serce. Wyb\u00f3r trwa\u0142ych materia\u0142\u00f3w oznacza, \u017ce ??b\u0119dzie on s\u0142u\u017cy\u0107 przez d\u0142ugi czas. Nadaje si\u0119 do przycinania p\u0105k\u00f3w i kwiat\u00f3w. Ze wzgl\u0119du na sw\u00f3j rozmiar nadaje si\u0119 r\u00f3wnie\u017c do ogrodnictwa domowego. &#8211; blokada z ty\u0142u &#8211; ergonomiczny uchwyt Waga: 0,08 kg Wymiary: 1,4 \u00d7 3,5 \u00d7 14,1 cm [&hellip;]<\/p>\n","protected":false},"featured_media":10685,"template":"","meta":[],"product_brand":[],"product_cat":[89],"product_tag":[],"class_list":{"0":"post-10602","1":"product","2":"type-product","3":"status-publish","4":"has-post-thumbnail","6":"product_cat-akcesoria","8":"first","9":"instock","10":"taxable","11":"shipping-taxable","12":"purchasable","13":"product-type-simple"},"jetpack_sharing_enabled":true,"_links":{"self":[{"href":"https:\/\/happy-plants.pl\/index.php\/wp-json\/wp\/v2\/product\/10602","targetHints":{"allow":["GET"]}}],"collection":[{"href":"https:\/\/happy-plants.pl\/index.php\/wp-json\/wp\/v2\/product"}],"about":[{"href":"https:\/\/happy-plants.pl\/index.php\/wp-json\/wp\/v2\/types\/product"}],"wp:featuredmedia":[{"embeddable":true,"href":"https:\/\/happy-plants.pl\/index.php\/wp-json\/wp\/v2\/media\/10685"}],"wp:attachment":[{"href":"https:\/\/happy-plants.pl\/index.php\/wp-json\/wp\/v2\/media?parent=10602"}],"wp:term":[{"taxonomy":"product_brand","embeddable":true,"href":"https:\/\/happy-plants.pl\/index.php\/wp-json\/wp\/v2\/product_brand?post=10602"},{"taxonomy":"product_cat","embeddable":true,"href":"https:\/\/happy-plants.pl\/index.php\/wp-json\/wp\/v2\/product_cat?post=10602"},{"taxonomy":"product_tag","embeddable":true,"href":"https:\/\/happy-plants.pl\/index.php\/wp-json\/wp\/v2\/product_tag?post=10602"}],"curies":[{"name":"wp","href":"https:\/\/api.w.org\/{rel}","templated":true}]}}