{"id":10610,"date":"2024-12-31T01:53:17","date_gmt":"2024-12-31T00:53:17","guid":{"rendered":"https:\/\/happy-plants.pl\/index.php\/produkt\/rose-print-jute-gardentoolbelt\/"},"modified":"2026-04-21T14:34:54","modified_gmt":"2026-04-21T12:34:54","slug":"rose-print-jute-gardentoolbelt","status":"publish","type":"product","link":"https:\/\/happy-plants.pl\/index.php\/produkt\/rose-print-jute-gardentoolbelt\/","title":{"rendered":"Pas ogrodowy na narz\u0119dzia"},"content":{"rendered":"<p>R\u00f3\u017ce symbolizuj\u0105 pi\u0119kno i mi\u0142o\u015b\u0107. Stary angielski wz\u00f3r r\u00f3\u017cy na tym pasie narz\u0119dziowym z kieszeni\u0105 zapewnia, \u017ce ??zawsze b\u0119dziesz mie\u0107 swoje narz\u0119dzia pod r\u0119k\u0105 podczas prac ogrodniczych. Regulowany pas ma wiele przegr\u00f3dek do przechowywania, kt\u00f3re mo\u017cna wykorzysta\u0107 do narz\u0119dzi ogrodniczych.<br \/>\n&#8211; regulowany- wiele przegr\u00f3dek<br \/>\nWaga:<br \/>\n0,226 kg<br \/>\nWymiary:<br \/>\n1 \u00d7 95 \u00d7 34 cm<\/p>\n<p>Materia\u0142: P\u0142\u00f3tno, juta, PU, ??PP<\/p>\n<p><strong>WYSY\u0141KA artyku\u0142\u00f3w z kategorii akcesoria, b\u0119dzie przez nas realizowana w terminie do 30 kwietnia 2025 r. razem z karpami dalii.<\/strong><\/p>\n","protected":false},"excerpt":{"rendered":"<p>R\u00f3\u017ce symbolizuj\u0105 pi\u0119kno i mi\u0142o\u015b\u0107. Stary angielski wz\u00f3r r\u00f3\u017cy na tym pasie narz\u0119dziowym z kieszeni\u0105 zapewnia, \u017ce ??zawsze b\u0119dziesz mie\u0107 swoje narz\u0119dzia pod r\u0119k\u0105 podczas prac ogrodniczych. Regulowany pas ma wiele przegr\u00f3dek do przechowywania, kt\u00f3re mo\u017cna wykorzysta\u0107 do narz\u0119dzi ogrodniczych. &#8211; regulowany- wiele przegr\u00f3dek Waga: 0,226 kg Wymiary: 1 \u00d7 95 \u00d7 34 cm Materia\u0142: [&hellip;]<\/p>\n","protected":false},"featured_media":10697,"template":"","meta":[],"product_brand":[],"product_cat":[89],"product_tag":[],"class_list":{"0":"post-10610","1":"product","2":"type-product","3":"status-publish","4":"has-post-thumbnail","6":"product_cat-akcesoria","8":"first","9":"instock","10":"taxable","11":"shipping-taxable","12":"purchasable","13":"product-type-simple"},"jetpack_sharing_enabled":true,"_links":{"self":[{"href":"https:\/\/happy-plants.pl\/index.php\/wp-json\/wp\/v2\/product\/10610","targetHints":{"allow":["GET"]}}],"collection":[{"href":"https:\/\/happy-plants.pl\/index.php\/wp-json\/wp\/v2\/product"}],"about":[{"href":"https:\/\/happy-plants.pl\/index.php\/wp-json\/wp\/v2\/types\/product"}],"wp:featuredmedia":[{"embeddable":true,"href":"https:\/\/happy-plants.pl\/index.php\/wp-json\/wp\/v2\/media\/10697"}],"wp:attachment":[{"href":"https:\/\/happy-plants.pl\/index.php\/wp-json\/wp\/v2\/media?parent=10610"}],"wp:term":[{"taxonomy":"product_brand","embeddable":true,"href":"https:\/\/happy-plants.pl\/index.php\/wp-json\/wp\/v2\/product_brand?post=10610"},{"taxonomy":"product_cat","embeddable":true,"href":"https:\/\/happy-plants.pl\/index.php\/wp-json\/wp\/v2\/product_cat?post=10610"},{"taxonomy":"product_tag","embeddable":true,"href":"https:\/\/happy-plants.pl\/index.php\/wp-json\/wp\/v2\/product_tag?post=10610"}],"curies":[{"name":"wp","href":"https:\/\/api.w.org\/{rel}","templated":true}]}}