{"id":11576,"date":"2026-03-22T14:00:22","date_gmt":"2026-03-22T13:00:22","guid":{"rendered":"https:\/\/happy-plants.pl\/?post_type=product&#038;p=11576"},"modified":"2026-04-19T08:37:22","modified_gmt":"2026-04-19T06:37:22","slug":"preference","status":"publish","type":"product","link":"https:\/\/happy-plants.pl\/index.php\/produkt\/preference\/","title":{"rendered":"Preference"},"content":{"rendered":"<p style=\"font-weight: 400;\"><strong>Typ produktu:<\/strong> karpa dalii<\/p>\n<p style=\"font-weight: 400;\"><strong>Kolor: <\/strong>r\u00f3\u017cowy pastelowy<\/p>\n<p style=\"font-weight: 400;\"><strong>Okres sadzenia:<\/strong> wiosna, po ostatnich przymrozkach<\/p>\n<p style=\"font-weight: 400;\"><strong>Okres kwitnienia:<\/strong> lipiec-listopad<\/p>\n<p style=\"font-weight: 400;\"><strong>Rozmiar kwiatu: <\/strong>10-15 cm<\/p>\n<p style=\"font-weight: 400;\"><strong>Kwiat ci\u0119ty:<\/strong> tak<\/p>\n<p style=\"font-weight: 400;\"><strong>Wysoko\u015b\u0107: <\/strong>100 cm<\/p>\n<p style=\"font-weight: 400;\"><strong>Ilo\u015b\u0107 produktu w opakowaniu:<\/strong> jeden<\/p>\n<p style=\"font-weight: 400;\"><strong>Pochodzenie:<\/strong> Pod Grobl\u0105<\/p>\n<p style=\"font-weight: 400;\"><strong>WYSY\u0141KA zakupionych teraz karp dalii, b\u0119dzie przez nas realizowana w terminie do 30 kwietnia 2026 roku. <\/strong><\/p>\n","protected":false},"excerpt":{"rendered":"<p>Typ produktu: karpa dalii Kolor: r\u00f3\u017cowy pastelowy Okres sadzenia: wiosna, po ostatnich przymrozkach Okres kwitnienia: lipiec-listopad Rozmiar kwiatu: 10-15 cm Kwiat ci\u0119ty: tak Wysoko\u015b\u0107: 100 cm Ilo\u015b\u0107 produktu w opakowaniu: jeden Pochodzenie: Pod Grobl\u0105 WYSY\u0141KA zakupionych teraz karp dalii, b\u0119dzie przez nas realizowana w terminie do 30 kwietnia 2026 roku.<\/p>\n","protected":false},"featured_media":11577,"template":"","meta":[],"product_brand":[],"product_cat":[173,32],"product_tag":[],"class_list":{"0":"post-11576","1":"product","2":"type-product","3":"status-publish","4":"has-post-thumbnail","6":"product_cat-pg26","7":"product_cat-dalie","9":"first","10":"instock","11":"taxable","12":"shipping-taxable","13":"purchasable","14":"product-type-simple"},"jetpack_sharing_enabled":true,"_links":{"self":[{"href":"https:\/\/happy-plants.pl\/index.php\/wp-json\/wp\/v2\/product\/11576","targetHints":{"allow":["GET"]}}],"collection":[{"href":"https:\/\/happy-plants.pl\/index.php\/wp-json\/wp\/v2\/product"}],"about":[{"href":"https:\/\/happy-plants.pl\/index.php\/wp-json\/wp\/v2\/types\/product"}],"wp:featuredmedia":[{"embeddable":true,"href":"https:\/\/happy-plants.pl\/index.php\/wp-json\/wp\/v2\/media\/11577"}],"wp:attachment":[{"href":"https:\/\/happy-plants.pl\/index.php\/wp-json\/wp\/v2\/media?parent=11576"}],"wp:term":[{"taxonomy":"product_brand","embeddable":true,"href":"https:\/\/happy-plants.pl\/index.php\/wp-json\/wp\/v2\/product_brand?post=11576"},{"taxonomy":"product_cat","embeddable":true,"href":"https:\/\/happy-plants.pl\/index.php\/wp-json\/wp\/v2\/product_cat?post=11576"},{"taxonomy":"product_tag","embeddable":true,"href":"https:\/\/happy-plants.pl\/index.php\/wp-json\/wp\/v2\/product_tag?post=11576"}],"curies":[{"name":"wp","href":"https:\/\/api.w.org\/{rel}","templated":true}]}}