{"id":415,"date":"2022-12-28T17:20:22","date_gmt":"2022-12-28T16:20:22","guid":{"rendered":"http:\/\/m-p.home.pl\/jshop\/index.php\/produkt\/aster-king-size-white\/"},"modified":"2026-04-25T00:02:36","modified_gmt":"2026-04-24T22:02:36","slug":"aster-king-size-white","status":"publish","type":"product","link":"https:\/\/happy-plants.pl\/index.php\/produkt\/aster-king-size-white\/","title":{"rendered":"Aster King Size White Nasiona Aster"},"content":{"rendered":"<p>Typ produktu: Nasiona kwiat\u00f3w jednorocznych<\/p>\n<p>Czas wysiewu: maj &#8211; czerwiec<\/p>\n<p>Czas kwitnienia: lipiec &#8211; pa\u017adziernik<\/p>\n<p>Kolor: bia\u0142y<\/p>\n<p>Inna nazwa: Callistephus<\/p>\n<p>Kwiaty ci\u0119te: tak<\/p>\n<p>Przyjazny zapylaczom: tak<\/p>\n<p>G\u0142\u0119boko\u015b\u0107 wysiewu: 0,5 cm<\/p>\n<p>Wysoko\u015b\u0107 ro\u015bliny: 100 cm<\/p>\n<p>Zawarto\u015b\u0107 opakowania: 1 paczka &#8211; oko\u0142o 0,5 grama &#8211; oko\u0142o 230 nasion<\/p>\n<p>Czas wschodu: 1 &#8211; 2 tygodnie<\/p>\n<p>Czas do kwitnienia: 14 &#8211; 18 tygodni<\/p>\n<p><strong>WYSY\u0141KA zakupionych teraz nasion, b\u0119dzie przez nas realizowana w terminie: do 30 kwietnia 2025 r.<\/strong><\/p>\n","protected":false},"excerpt":{"rendered":"<p>Typ produktu: Nasiona kwiat\u00f3w jednorocznych Czas wysiewu: maj &#8211; czerwiec Czas kwitnienia: lipiec &#8211; pa\u017adziernik Kolor: bia\u0142y Inna nazwa: Callistephus Kwiaty ci\u0119te: tak Przyjazny zapylaczom: tak G\u0142\u0119boko\u015b\u0107 wysiewu: 0,5 cm Wysoko\u015b\u0107 ro\u015bliny: 100 cm Zawarto\u015b\u0107 opakowania: 1 paczka &#8211; oko\u0142o 0,5 grama &#8211; oko\u0142o 230 nasion Czas wschodu: 1 &#8211; 2 tygodnie Czas do kwitnienia: [&hellip;]<\/p>\n","protected":false},"featured_media":678,"template":"","meta":[],"product_brand":[],"product_cat":[25],"product_tag":[],"class_list":{"0":"post-415","1":"product","2":"type-product","3":"status-publish","4":"has-post-thumbnail","6":"product_cat-nasiona-fam","7":"product_shipping_class-holandia","9":"first","10":"instock","11":"sale","12":"taxable","13":"shipping-taxable","14":"purchasable","15":"product-type-simple"},"jetpack_sharing_enabled":true,"_links":{"self":[{"href":"https:\/\/happy-plants.pl\/index.php\/wp-json\/wp\/v2\/product\/415","targetHints":{"allow":["GET"]}}],"collection":[{"href":"https:\/\/happy-plants.pl\/index.php\/wp-json\/wp\/v2\/product"}],"about":[{"href":"https:\/\/happy-plants.pl\/index.php\/wp-json\/wp\/v2\/types\/product"}],"wp:featuredmedia":[{"embeddable":true,"href":"https:\/\/happy-plants.pl\/index.php\/wp-json\/wp\/v2\/media\/678"}],"wp:attachment":[{"href":"https:\/\/happy-plants.pl\/index.php\/wp-json\/wp\/v2\/media?parent=415"}],"wp:term":[{"taxonomy":"product_brand","embeddable":true,"href":"https:\/\/happy-plants.pl\/index.php\/wp-json\/wp\/v2\/product_brand?post=415"},{"taxonomy":"product_cat","embeddable":true,"href":"https:\/\/happy-plants.pl\/index.php\/wp-json\/wp\/v2\/product_cat?post=415"},{"taxonomy":"product_tag","embeddable":true,"href":"https:\/\/happy-plants.pl\/index.php\/wp-json\/wp\/v2\/product_tag?post=415"}],"curies":[{"name":"wp","href":"https:\/\/api.w.org\/{rel}","templated":true}]}}