{"id":429,"date":"2022-12-28T17:20:23","date_gmt":"2022-12-28T16:20:23","guid":{"rendered":"http:\/\/m-p.home.pl\/jshop\/index.php\/produkt\/dianthus-hollandia-purple-crown\/"},"modified":"2026-04-24T21:48:11","modified_gmt":"2026-04-24T19:48:11","slug":"dianthus-hollandia-purple-crown","status":"publish","type":"product","link":"https:\/\/happy-plants.pl\/index.php\/produkt\/dianthus-hollandia-purple-crown\/","title":{"rendered":"Dianthus Hollandia Purple Crown Nasiona Go\u017adzik"},"content":{"rendered":"<p>Typ produktu: Nasiona kwiat\u00f3w &#8211; gatunek dwuletni<\/p>\n<p>Czas wysiewu: kwiecie\u0144 &#8211; czerwiec<\/p>\n<p>Czas kwitnienia: czerwiec &#8211; wrzesie\u0144<\/p>\n<p>Kolor: fioletowy<\/p>\n<p>Inna nazwa: Anjer, Sweet William, Dianthus Barbatus<\/p>\n<p>Kwiaty ci\u0119te: tak<\/p>\n<p>G\u0142\u0119boko\u015b\u0107 wysiewu: 0,5 cm<\/p>\n<p>Wysoko\u015b\u0107 ro\u015bliny: 50 cm<\/p>\n<p>Zawarto\u015b\u0107 opakowania: 1 paczka &#8211; oko\u0142o 0,1 grama &#8211; oko\u0142o 100 nasion<\/p>\n<p>Czas wschodu: 1 &#8211; 2 tygodnie<\/p>\n<p>Czas do kwitnienia: 14 &#8211; 18 tygodni<\/p>\n<p>Pochodzenie: Farma FAM Flower, Holandia<\/p>\n<p><strong>WYSY\u0141KA zakupionych teraz nasion, b\u0119dzie przez nas realizowana w terminie: do 30 kwietnia 2025 r.<\/strong><\/p>\n","protected":false},"excerpt":{"rendered":"<p>Typ produktu: Nasiona kwiat\u00f3w &#8211; gatunek dwuletni Czas wysiewu: kwiecie\u0144 &#8211; czerwiec Czas kwitnienia: czerwiec &#8211; wrzesie\u0144 Kolor: fioletowy Inna nazwa: Anjer, Sweet William, Dianthus Barbatus Kwiaty ci\u0119te: tak G\u0142\u0119boko\u015b\u0107 wysiewu: 0,5 cm Wysoko\u015b\u0107 ro\u015bliny: 50 cm Zawarto\u015b\u0107 opakowania: 1 paczka &#8211; oko\u0142o 0,1 grama &#8211; oko\u0142o 100 nasion Czas wschodu: 1 &#8211; 2 tygodnie [&hellip;]<\/p>\n","protected":false},"featured_media":694,"template":"","meta":[],"product_brand":[],"product_cat":[25],"product_tag":[],"class_list":{"0":"post-429","1":"product","2":"type-product","3":"status-publish","4":"has-post-thumbnail","6":"product_cat-nasiona-fam","7":"product_shipping_class-holandia","9":"first","10":"instock","11":"sale","12":"taxable","13":"shipping-taxable","14":"purchasable","15":"product-type-simple"},"jetpack_sharing_enabled":true,"_links":{"self":[{"href":"https:\/\/happy-plants.pl\/index.php\/wp-json\/wp\/v2\/product\/429","targetHints":{"allow":["GET"]}}],"collection":[{"href":"https:\/\/happy-plants.pl\/index.php\/wp-json\/wp\/v2\/product"}],"about":[{"href":"https:\/\/happy-plants.pl\/index.php\/wp-json\/wp\/v2\/types\/product"}],"wp:featuredmedia":[{"embeddable":true,"href":"https:\/\/happy-plants.pl\/index.php\/wp-json\/wp\/v2\/media\/694"}],"wp:attachment":[{"href":"https:\/\/happy-plants.pl\/index.php\/wp-json\/wp\/v2\/media?parent=429"}],"wp:term":[{"taxonomy":"product_brand","embeddable":true,"href":"https:\/\/happy-plants.pl\/index.php\/wp-json\/wp\/v2\/product_brand?post=429"},{"taxonomy":"product_cat","embeddable":true,"href":"https:\/\/happy-plants.pl\/index.php\/wp-json\/wp\/v2\/product_cat?post=429"},{"taxonomy":"product_tag","embeddable":true,"href":"https:\/\/happy-plants.pl\/index.php\/wp-json\/wp\/v2\/product_tag?post=429"}],"curies":[{"name":"wp","href":"https:\/\/api.w.org\/{rel}","templated":true}]}}