{"id":449,"date":"2022-12-28T17:20:26","date_gmt":"2022-12-28T16:20:26","guid":{"rendered":"http:\/\/m-p.home.pl\/jshop\/index.php\/produkt\/persicaria-cerise-pearls\/"},"modified":"2026-04-24T13:20:59","modified_gmt":"2026-04-24T11:20:59","slug":"persicaria-cerise-pearls","status":"publish","type":"product","link":"https:\/\/happy-plants.pl\/index.php\/produkt\/persicaria-cerise-pearls\/","title":{"rendered":"Persicaria Cerise Pearls Nasiona"},"content":{"rendered":"<p><span style=\"font-weight: 400;\">Typ produktu: Nasiona kwiat\u00f3w jednorocznych<\/span><\/p>\n<p><span style=\"font-weight: 400;\">Czas wysiewu: wrzesie\u0144 &#8211; grudzie\u0144<\/span><\/p>\n<p><span style=\"font-weight: 400;\">Czas kwitnienia: czerwiec &#8211; wrzesie\u0144<\/span><\/p>\n<p><span style=\"font-weight: 400;\">Kolor: r\u00f3\u017cowy<\/span><\/p>\n<p><span style=\"font-weight: 400;\">Inna nazwa: Kiss-me-over-the-garden-gate<\/span><\/p>\n<p><span style=\"font-weight: 400;\">Kwiaty ci\u0119te: tak<\/span><\/p>\n<p><span style=\"font-weight: 400;\">Przyjazny zapylaczom: tak<\/span><\/p>\n<p><span style=\"font-weight: 400;\">G\u0142\u0119boko\u015b\u0107 wysiewu: 0,5 cm<\/span><\/p>\n<p><span style=\"font-weight: 400;\">Wysoko\u015b\u0107 ro\u015bliny: 120 cm<\/span><\/p>\n<p><span style=\"font-weight: 400;\">Zawarto\u015b\u0107 opakowania: 1 paczka &#8211; oko\u0142o 1 grama &#8211; oko\u0142o 75 nasion<\/span><\/p>\n<p><span style=\"font-weight: 400;\">Czas wschodu: 3 &#8211; 4 tygodnie<\/span><\/p>\n<p><span style=\"font-weight: 400;\">Pochodzenie: Farma kwiatowa FAM Flower, Holandia<\/span><\/p>\n<p><strong>WYSY\u0141KA zakupionych teraz nasion, b\u0119dzie przez nas realizowana w terminie: do 30 kwietnia 2025 r.<\/strong><\/p>\n","protected":false},"excerpt":{"rendered":"<p>Typ produktu: Nasiona kwiat\u00f3w jednorocznych Czas wysiewu: wrzesie\u0144 &#8211; grudzie\u0144 Czas kwitnienia: czerwiec &#8211; wrzesie\u0144 Kolor: r\u00f3\u017cowy Inna nazwa: Kiss-me-over-the-garden-gate Kwiaty ci\u0119te: tak Przyjazny zapylaczom: tak G\u0142\u0119boko\u015b\u0107 wysiewu: 0,5 cm Wysoko\u015b\u0107 ro\u015bliny: 120 cm Zawarto\u015b\u0107 opakowania: 1 paczka &#8211; oko\u0142o 1 grama &#8211; oko\u0142o 75 nasion Czas wschodu: 3 &#8211; 4 tygodnie Pochodzenie: Farma kwiatowa [&hellip;]<\/p>\n","protected":false},"featured_media":719,"template":"","meta":[],"product_brand":[],"product_cat":[25],"product_tag":[],"class_list":{"0":"post-449","1":"product","2":"type-product","3":"status-publish","4":"has-post-thumbnail","6":"product_cat-nasiona-fam","7":"product_shipping_class-holandia","9":"first","10":"instock","11":"sale","12":"taxable","13":"shipping-taxable","14":"purchasable","15":"product-type-simple"},"jetpack_sharing_enabled":true,"_links":{"self":[{"href":"https:\/\/happy-plants.pl\/index.php\/wp-json\/wp\/v2\/product\/449","targetHints":{"allow":["GET"]}}],"collection":[{"href":"https:\/\/happy-plants.pl\/index.php\/wp-json\/wp\/v2\/product"}],"about":[{"href":"https:\/\/happy-plants.pl\/index.php\/wp-json\/wp\/v2\/types\/product"}],"wp:featuredmedia":[{"embeddable":true,"href":"https:\/\/happy-plants.pl\/index.php\/wp-json\/wp\/v2\/media\/719"}],"wp:attachment":[{"href":"https:\/\/happy-plants.pl\/index.php\/wp-json\/wp\/v2\/media?parent=449"}],"wp:term":[{"taxonomy":"product_brand","embeddable":true,"href":"https:\/\/happy-plants.pl\/index.php\/wp-json\/wp\/v2\/product_brand?post=449"},{"taxonomy":"product_cat","embeddable":true,"href":"https:\/\/happy-plants.pl\/index.php\/wp-json\/wp\/v2\/product_cat?post=449"},{"taxonomy":"product_tag","embeddable":true,"href":"https:\/\/happy-plants.pl\/index.php\/wp-json\/wp\/v2\/product_tag?post=449"}],"curies":[{"name":"wp","href":"https:\/\/api.w.org\/{rel}","templated":true}]}}