{"id":455,"date":"2022-12-28T17:20:27","date_gmt":"2022-12-28T16:20:27","guid":{"rendered":"http:\/\/m-p.home.pl\/jshop\/index.php\/produkt\/scabiosa-fire-king\/"},"modified":"2026-04-24T16:38:55","modified_gmt":"2026-04-24T14:38:55","slug":"scabiosa-fire-king","status":"publish","type":"product","link":"https:\/\/happy-plants.pl\/index.php\/produkt\/scabiosa-fire-king\/","title":{"rendered":"Scabiosa Fire King Nasiona Driakiew"},"content":{"rendered":"<p><span style=\"font-weight: 400;\">Typ produktu: Nasiona kwiat\u00f3w jednorocznych<\/span><\/p>\n<p><span style=\"font-weight: 400;\">Czas wysiewu: kwiecie\u0144 &#8211; czerwiec<\/span><\/p>\n<p><span style=\"font-weight: 400;\">Czas kwitnienia: lipiec &#8211; pa\u017adziernik<\/span><\/p>\n<p><span style=\"font-weight: 400;\">Kolor: czerwony<\/span><\/p>\n<p><span style=\"font-weight: 400;\">Inna nazwa: Duifkruid, pincushion flowers, speldenkussen bloem<\/span><\/p>\n<p><span style=\"font-weight: 400;\">Kwiaty ci\u0119te: tak<\/span><\/p>\n<p><span style=\"font-weight: 400;\">Przyjazny zapylaczom: tak<\/span><\/p>\n<p><span style=\"font-weight: 400;\">G\u0142\u0119boko\u015b\u0107 wysiewu: 0,5 cm<\/span><\/p>\n<p><span style=\"font-weight: 400;\">Wysoko\u015b\u0107 ro\u015bliny: 90 cm<\/span><\/p>\n<p>Zapach: tak<\/p>\n<p><span style=\"font-weight: 400;\">Zawarto\u015b\u0107 opakowania: 1 paczka &#8211; oko\u0142o 0,6 grama &#8211; oko\u0142o 100 nasion<\/span><\/p>\n<p><span style=\"font-weight: 400;\">Czas wschodu: 2 &#8211; 3 tygodnie<\/span><\/p>\n<p><span style=\"font-weight: 400;\">Czas do kwitnienia: 11 &#8211; 14 tygodni<\/span><\/p>\n<p><span style=\"font-weight: 400;\">Pochodzenie: Farma kwiatowa FAM Flower, Holandia<\/span><\/p>\n<p><strong>WYSY\u0141KA zakupionych teraz nasion, b\u0119dzie przez nas realizowana w terminie: do 30 kwietnia 2025 r.<\/strong><\/p>\n","protected":false},"excerpt":{"rendered":"<p>Typ produktu: Nasiona kwiat\u00f3w jednorocznych Czas wysiewu: kwiecie\u0144 &#8211; czerwiec Czas kwitnienia: lipiec &#8211; pa\u017adziernik Kolor: czerwony Inna nazwa: Duifkruid, pincushion flowers, speldenkussen bloem Kwiaty ci\u0119te: tak Przyjazny zapylaczom: tak G\u0142\u0119boko\u015b\u0107 wysiewu: 0,5 cm Wysoko\u015b\u0107 ro\u015bliny: 90 cm Zapach: tak Zawarto\u015b\u0107 opakowania: 1 paczka &#8211; oko\u0142o 0,6 grama &#8211; oko\u0142o 100 nasion Czas wschodu: 2 [&hellip;]<\/p>\n","protected":false},"featured_media":727,"template":"","meta":[],"product_brand":[],"product_cat":[25],"product_tag":[],"class_list":{"0":"post-455","1":"product","2":"type-product","3":"status-publish","4":"has-post-thumbnail","6":"product_cat-nasiona-fam","7":"product_shipping_class-holandia","9":"first","10":"instock","11":"sale","12":"taxable","13":"shipping-taxable","14":"purchasable","15":"product-type-simple"},"jetpack_sharing_enabled":true,"_links":{"self":[{"href":"https:\/\/happy-plants.pl\/index.php\/wp-json\/wp\/v2\/product\/455","targetHints":{"allow":["GET"]}}],"collection":[{"href":"https:\/\/happy-plants.pl\/index.php\/wp-json\/wp\/v2\/product"}],"about":[{"href":"https:\/\/happy-plants.pl\/index.php\/wp-json\/wp\/v2\/types\/product"}],"wp:featuredmedia":[{"embeddable":true,"href":"https:\/\/happy-plants.pl\/index.php\/wp-json\/wp\/v2\/media\/727"}],"wp:attachment":[{"href":"https:\/\/happy-plants.pl\/index.php\/wp-json\/wp\/v2\/media?parent=455"}],"wp:term":[{"taxonomy":"product_brand","embeddable":true,"href":"https:\/\/happy-plants.pl\/index.php\/wp-json\/wp\/v2\/product_brand?post=455"},{"taxonomy":"product_cat","embeddable":true,"href":"https:\/\/happy-plants.pl\/index.php\/wp-json\/wp\/v2\/product_cat?post=455"},{"taxonomy":"product_tag","embeddable":true,"href":"https:\/\/happy-plants.pl\/index.php\/wp-json\/wp\/v2\/product_tag?post=455"}],"curies":[{"name":"wp","href":"https:\/\/api.w.org\/{rel}","templated":true}]}}