{"id":6014,"date":"2023-06-27T12:51:59","date_gmt":"2023-06-27T10:51:59","guid":{"rendered":"https:\/\/happy-plants.pl\/?post_type=product&#038;p=6014"},"modified":"2026-04-21T14:45:55","modified_gmt":"2026-04-21T12:45:55","slug":"zolty-bratek-lekka-bawelniana-torba","status":"publish","type":"product","link":"https:\/\/happy-plants.pl\/index.php\/produkt\/zolty-bratek-lekka-bawelniana-torba\/","title":{"rendered":"\u017b\u00d3\u0141TY BRATEK &#8211; LEKKA BAWE\u0141NIANA TORBA"},"content":{"rendered":"<p>Wspania\u0142a sk\u0142adana torba na zakupy z pi\u0119knym \u017c\u00f3\u0142tym Bratkiem Laury z kolekcji In Bloom.<\/p>\n<p>Ta stylowa i praktyczna torba jest trwa\u0142a, nigdy wi\u0119cej nie b\u0119dziesz kupowa\u0107 plastikowej torby.<\/p>\n<p>100% naturalna bawe\u0142na<br \/>\nWymiary: 370mm x 400mm Uchwyty 660mm<br \/>\nStworzona w Anglii<\/p>\n<p><strong>WYSY\u0141KA zakupionego produktu, b\u0119dzie przez nas realizowana w terminie: do 30 kwietnia 2025 r.<\/strong><\/p>\n","protected":false},"excerpt":{"rendered":"<p>Wspania\u0142a sk\u0142adana torba na zakupy z pi\u0119knym \u017c\u00f3\u0142tym Bratkiem Laury z kolekcji In Bloom. Ta stylowa i praktyczna torba jest trwa\u0142a, nigdy wi\u0119cej nie b\u0119dziesz kupowa\u0107 plastikowej torby. 100% naturalna bawe\u0142na Wymiary: 370mm x 400mm Uchwyty 660mm Stworzona w Anglii WYSY\u0141KA zakupionego produktu, b\u0119dzie przez nas realizowana w terminie: do 30 kwietnia 2025 r.<\/p>\n","protected":false},"featured_media":6015,"template":"","meta":[],"product_brand":[],"product_cat":[74,76],"product_tag":[],"class_list":{"0":"post-6014","1":"product","2":"type-product","3":"status-publish","4":"has-post-thumbnail","6":"product_cat-piekne-prace-laura-stoddart","7":"product_cat-torba","9":"first","10":"instock","11":"taxable","12":"shipping-taxable","13":"purchasable","14":"product-type-simple"},"jetpack_sharing_enabled":true,"_links":{"self":[{"href":"https:\/\/happy-plants.pl\/index.php\/wp-json\/wp\/v2\/product\/6014","targetHints":{"allow":["GET"]}}],"collection":[{"href":"https:\/\/happy-plants.pl\/index.php\/wp-json\/wp\/v2\/product"}],"about":[{"href":"https:\/\/happy-plants.pl\/index.php\/wp-json\/wp\/v2\/types\/product"}],"wp:featuredmedia":[{"embeddable":true,"href":"https:\/\/happy-plants.pl\/index.php\/wp-json\/wp\/v2\/media\/6015"}],"wp:attachment":[{"href":"https:\/\/happy-plants.pl\/index.php\/wp-json\/wp\/v2\/media?parent=6014"}],"wp:term":[{"taxonomy":"product_brand","embeddable":true,"href":"https:\/\/happy-plants.pl\/index.php\/wp-json\/wp\/v2\/product_brand?post=6014"},{"taxonomy":"product_cat","embeddable":true,"href":"https:\/\/happy-plants.pl\/index.php\/wp-json\/wp\/v2\/product_cat?post=6014"},{"taxonomy":"product_tag","embeddable":true,"href":"https:\/\/happy-plants.pl\/index.php\/wp-json\/wp\/v2\/product_tag?post=6014"}],"curies":[{"name":"wp","href":"https:\/\/api.w.org\/{rel}","templated":true}]}}