{"id":6030,"date":"2023-06-27T13:39:46","date_gmt":"2023-06-27T11:39:46","guid":{"rendered":"https:\/\/happy-plants.pl\/?post_type=product&#038;p=6030"},"modified":"2026-04-21T14:43:14","modified_gmt":"2026-04-21T12:43:14","slug":"plakat-dalia-purple","status":"publish","type":"product","link":"https:\/\/happy-plants.pl\/index.php\/produkt\/plakat-dalia-purple\/","title":{"rendered":"PLAKAT DALIA PURPLE"},"content":{"rendered":"<p>Pi\u0119kny \u00a0plakat ciemnofioletowej dalii w formacie A4 z popularnej kolekcji In Bloom Laury.<\/p>\n<p>Mi\u0142o\u015b\u0107 Laury do dalii jest celebrowana ma\u0142\u0105 kolekcj\u0105 czterech pi\u0119knych projekt\u00f3w dalii, kt\u00f3re by\u0142y zaprezentowane na RHS Chelsea 2021, kt\u00f3re to wydarzenie odby\u0142o si\u0119 wyj\u0105tkowo w roku 2021 we wrze\u015bniu ? idealne dla dalii.<\/p>\n<p>Dalie by\u0142y w czasach Wiktoria\u0144skich symbol zaanga\u017cowania i wiecznego zwi\u0105zku i mamy nadziej\u0119, \u017ce pokochasz je tak samo jak my.<\/p>\n<p>Wysokiej jako\u015bci wydruk na papierze archiwalnym<br \/>\nWydruk ? 20,5 cm x 29,5 cm<br \/>\nCa\u0142o\u015b\u0107 ? 30,5 x 40,5 cm<\/p>\n<p><strong>WYSY\u0141KA zakupionego produktu, b\u0119dzie przez nas realizowana w terminie: do 30 kwietnia 2025 r.<\/strong><\/p>\n","protected":false},"excerpt":{"rendered":"<p>Pi\u0119kny \u00a0plakat ciemnofioletowej dalii w formacie A4 z popularnej kolekcji In Bloom Laury. Mi\u0142o\u015b\u0107 Laury do dalii jest celebrowana ma\u0142\u0105 kolekcj\u0105 czterech pi\u0119knych projekt\u00f3w dalii, kt\u00f3re by\u0142y zaprezentowane na RHS Chelsea 2021, kt\u00f3re to wydarzenie odby\u0142o si\u0119 wyj\u0105tkowo w roku 2021 we wrze\u015bniu ? idealne dla dalii. Dalie by\u0142y w czasach Wiktoria\u0144skich symbol zaanga\u017cowania i [&hellip;]<\/p>\n","protected":false},"featured_media":6032,"template":"","meta":[],"product_brand":[],"product_cat":[74,77,32],"product_tag":[],"class_list":{"0":"post-6030","1":"product","2":"type-product","3":"status-publish","4":"has-post-thumbnail","6":"product_cat-piekne-prace-laura-stoddart","7":"product_cat-print-a4","8":"product_cat-dalie","10":"first","11":"instock","12":"sale","13":"taxable","14":"shipping-taxable","15":"purchasable","16":"product-type-simple"},"jetpack_sharing_enabled":true,"_links":{"self":[{"href":"https:\/\/happy-plants.pl\/index.php\/wp-json\/wp\/v2\/product\/6030","targetHints":{"allow":["GET"]}}],"collection":[{"href":"https:\/\/happy-plants.pl\/index.php\/wp-json\/wp\/v2\/product"}],"about":[{"href":"https:\/\/happy-plants.pl\/index.php\/wp-json\/wp\/v2\/types\/product"}],"wp:featuredmedia":[{"embeddable":true,"href":"https:\/\/happy-plants.pl\/index.php\/wp-json\/wp\/v2\/media\/6032"}],"wp:attachment":[{"href":"https:\/\/happy-plants.pl\/index.php\/wp-json\/wp\/v2\/media?parent=6030"}],"wp:term":[{"taxonomy":"product_brand","embeddable":true,"href":"https:\/\/happy-plants.pl\/index.php\/wp-json\/wp\/v2\/product_brand?post=6030"},{"taxonomy":"product_cat","embeddable":true,"href":"https:\/\/happy-plants.pl\/index.php\/wp-json\/wp\/v2\/product_cat?post=6030"},{"taxonomy":"product_tag","embeddable":true,"href":"https:\/\/happy-plants.pl\/index.php\/wp-json\/wp\/v2\/product_tag?post=6030"}],"curies":[{"name":"wp","href":"https:\/\/api.w.org\/{rel}","templated":true}]}}