{"id":6054,"date":"2023-06-27T14:22:38","date_gmt":"2023-06-27T12:22:38","guid":{"rendered":"https:\/\/happy-plants.pl\/?post_type=product&#038;p=6054"},"modified":"2026-04-24T12:14:54","modified_gmt":"2026-04-24T10:14:54","slug":"szachownica-kartka-z-koperta","status":"publish","type":"product","link":"https:\/\/happy-plants.pl\/index.php\/produkt\/szachownica-kartka-z-koperta\/","title":{"rendered":"SZACHOWNICA-KARTKA Z KOPERT\u0104"},"content":{"rendered":"<p>Rozk\u0142adana kartka na \u017cyczenia. Oferowana wraz z kopert\u0105 z papieru kraftowego ? owini\u0119t\u0105 w pe\u0142ni kompostowaln\u0105 foli\u0105 biologiczn\u0105.<\/p>\n<p>Zaprojektowana i wykonany w Anglii na papierze ekologicznym.<\/p>\n<p>Wymiary: 12,5 cm x 18 cm<\/p>\n<p><strong>WYSY\u0141KA zakupionego produktu, b\u0119dzie przez nas realizowana w terminie: do 30 kwietnia 2025 r.<\/strong><\/p>\n","protected":false},"excerpt":{"rendered":"<p>Rozk\u0142adana kartka na \u017cyczenia. Oferowana wraz z kopert\u0105 z papieru kraftowego ? owini\u0119t\u0105 w pe\u0142ni kompostowaln\u0105 foli\u0105 biologiczn\u0105. Zaprojektowana i wykonany w Anglii na papierze ekologicznym. Wymiary: 12,5 cm x 18 cm WYSY\u0141KA zakupionego produktu, b\u0119dzie przez nas realizowana w terminie: do 30 kwietnia 2025 r.<\/p>\n","protected":false},"featured_media":6055,"template":"","meta":[],"product_brand":[],"product_cat":[74,78],"product_tag":[],"class_list":{"0":"post-6054","1":"product","2":"type-product","3":"status-publish","4":"has-post-thumbnail","6":"product_cat-piekne-prace-laura-stoddart","7":"product_cat-kartka","9":"first","10":"instock","11":"taxable","12":"shipping-taxable","13":"purchasable","14":"product-type-simple"},"jetpack_sharing_enabled":true,"_links":{"self":[{"href":"https:\/\/happy-plants.pl\/index.php\/wp-json\/wp\/v2\/product\/6054","targetHints":{"allow":["GET"]}}],"collection":[{"href":"https:\/\/happy-plants.pl\/index.php\/wp-json\/wp\/v2\/product"}],"about":[{"href":"https:\/\/happy-plants.pl\/index.php\/wp-json\/wp\/v2\/types\/product"}],"wp:featuredmedia":[{"embeddable":true,"href":"https:\/\/happy-plants.pl\/index.php\/wp-json\/wp\/v2\/media\/6055"}],"wp:attachment":[{"href":"https:\/\/happy-plants.pl\/index.php\/wp-json\/wp\/v2\/media?parent=6054"}],"wp:term":[{"taxonomy":"product_brand","embeddable":true,"href":"https:\/\/happy-plants.pl\/index.php\/wp-json\/wp\/v2\/product_brand?post=6054"},{"taxonomy":"product_cat","embeddable":true,"href":"https:\/\/happy-plants.pl\/index.php\/wp-json\/wp\/v2\/product_cat?post=6054"},{"taxonomy":"product_tag","embeddable":true,"href":"https:\/\/happy-plants.pl\/index.php\/wp-json\/wp\/v2\/product_tag?post=6054"}],"curies":[{"name":"wp","href":"https:\/\/api.w.org\/{rel}","templated":true}]}}