{"id":7205,"date":"2023-11-16T10:13:13","date_gmt":"2023-11-16T09:13:13","guid":{"rendered":"https:\/\/happy-plants.pl\/?post_type=product&#038;p=7205"},"modified":"2026-04-26T22:31:55","modified_gmt":"2026-04-26T20:31:55","slug":"sadzak","status":"publish","type":"product","link":"https:\/\/happy-plants.pl\/index.php\/produkt\/sadzak\/","title":{"rendered":"SADZAK"},"content":{"rendered":"<p>Tradycyjne narz\u0119dzia ogrodnicze. \u00a0Drewno bukowe, materia\u0142, z kt\u00f3rego wykonane jest to narz\u0119dzie, oznacza, \u017ce ??b\u0119dzie ono s\u0142u\u017cy\u0107 przez d\u0142ugi czas. Zar\u00f3wno do siania jak i przerzedzania sadzonek sadzak jest por\u0119cznym narz\u0119dziem. Dwa ko\u0144ce o r\u00f3\u017cnej grubo\u015bci i krzywiznach zapobiegaj\u0105 uszkodzeniu ma\u0142ych ro\u015blin.<\/p>\n<p>&#8211; ko\u0144ce o r\u00f3\u017cnych grubo\u015bciach<\/p>\n<p>Waga: 0.02 kg<br \/>\nWymiary: 1.8 \u00d7 1.8 \u00d7 17 cm<br \/>\nMateria\u0142:\u00a0drewno bukowe<\/p>\n<p><strong>WYSY\u0141KA artyku\u0142\u00f3w z kategorii akcesoria, b\u0119dzie przez nas realizowana w terminie do 30 kwietnia 2025 r. razem z karpami dalii.<\/strong><\/p>\n","protected":false},"excerpt":{"rendered":"<p>Tradycyjne narz\u0119dzia ogrodnicze. \u00a0Drewno bukowe, materia\u0142, z kt\u00f3rego wykonane jest to narz\u0119dzie, oznacza, \u017ce ??b\u0119dzie ono s\u0142u\u017cy\u0107 przez d\u0142ugi czas. Zar\u00f3wno do siania jak i przerzedzania sadzonek sadzak jest por\u0119cznym narz\u0119dziem. Dwa ko\u0144ce o r\u00f3\u017cnej grubo\u015bci i krzywiznach zapobiegaj\u0105 uszkodzeniu ma\u0142ych ro\u015blin. &#8211; ko\u0144ce o r\u00f3\u017cnych grubo\u015bciach Waga: 0.02 kg Wymiary: 1.8 \u00d7 1.8 \u00d7 [&hellip;]<\/p>\n","protected":false},"featured_media":7225,"template":"","meta":[],"product_brand":[],"product_cat":[89],"product_tag":[],"class_list":{"0":"post-7205","1":"product","2":"type-product","3":"status-publish","4":"has-post-thumbnail","6":"product_cat-akcesoria","8":"first","9":"instock","10":"taxable","11":"shipping-taxable","12":"purchasable","13":"product-type-simple"},"jetpack_sharing_enabled":true,"_links":{"self":[{"href":"https:\/\/happy-plants.pl\/index.php\/wp-json\/wp\/v2\/product\/7205","targetHints":{"allow":["GET"]}}],"collection":[{"href":"https:\/\/happy-plants.pl\/index.php\/wp-json\/wp\/v2\/product"}],"about":[{"href":"https:\/\/happy-plants.pl\/index.php\/wp-json\/wp\/v2\/types\/product"}],"wp:featuredmedia":[{"embeddable":true,"href":"https:\/\/happy-plants.pl\/index.php\/wp-json\/wp\/v2\/media\/7225"}],"wp:attachment":[{"href":"https:\/\/happy-plants.pl\/index.php\/wp-json\/wp\/v2\/media?parent=7205"}],"wp:term":[{"taxonomy":"product_brand","embeddable":true,"href":"https:\/\/happy-plants.pl\/index.php\/wp-json\/wp\/v2\/product_brand?post=7205"},{"taxonomy":"product_cat","embeddable":true,"href":"https:\/\/happy-plants.pl\/index.php\/wp-json\/wp\/v2\/product_cat?post=7205"},{"taxonomy":"product_tag","embeddable":true,"href":"https:\/\/happy-plants.pl\/index.php\/wp-json\/wp\/v2\/product_tag?post=7205"}],"curies":[{"name":"wp","href":"https:\/\/api.w.org\/{rel}","templated":true}]}}