{"id":7207,"date":"2023-11-16T10:23:25","date_gmt":"2023-11-16T09:23:25","guid":{"rendered":"https:\/\/happy-plants.pl\/?post_type=product&#038;p=7207"},"modified":"2026-04-24T12:14:55","modified_gmt":"2026-04-24T10:14:55","slug":"uchwyt-na-sznurek","status":"publish","type":"product","link":"https:\/\/happy-plants.pl\/index.php\/produkt\/uchwyt-na-sznurek\/","title":{"rendered":"UCHWYT NA SZNUREK"},"content":{"rendered":"<p>Metalowy dozownik sznurka zawieraj\u0105cy 50 metr\u00f3w sznurka papierowego mo\u017cna zawiesi\u0107 wsz\u0119dzie. Idealnie nadaje si\u0119 do wi\u0105zania kwiat\u00f3w i zi\u00f3\u0142, ale tak\u017ce do pakowania prezent\u00f3w.<\/p>\n<p>&#8211; \u00a050 metr\u00f3w sznurka papierowego<br \/>\n&#8211; \u0142atwy do powieszenia<br \/>\n&#8211; naturalny wygl\u0105d<\/p>\n<p>&nbsp;<\/p>\n<p>Waga 0.118 kg<br \/>\nWymiary 5.5 \u00d7 20.2 \u00d7 22 cm<br \/>\nMateria\u0142 stal mi\u0119kka<\/p>\n<p><strong>WYSY\u0141KA artyku\u0142\u00f3w z kategorii akcesoria, b\u0119dzie przez nas realizowana w terminie do 30 kwietnia 2025 r. razem z karpami dalii.<\/strong><\/p>\n","protected":false},"excerpt":{"rendered":"<p>Metalowy dozownik sznurka zawieraj\u0105cy 50 metr\u00f3w sznurka papierowego mo\u017cna zawiesi\u0107 wsz\u0119dzie. Idealnie nadaje si\u0119 do wi\u0105zania kwiat\u00f3w i zi\u00f3\u0142, ale tak\u017ce do pakowania prezent\u00f3w. &#8211; \u00a050 metr\u00f3w sznurka papierowego &#8211; \u0142atwy do powieszenia &#8211; naturalny wygl\u0105d &nbsp; Waga 0.118 kg Wymiary 5.5 \u00d7 20.2 \u00d7 22 cm Materia\u0142 stal mi\u0119kka WYSY\u0141KA artyku\u0142\u00f3w z kategorii akcesoria, [&hellip;]<\/p>\n","protected":false},"featured_media":7222,"template":"","meta":[],"product_brand":[],"product_cat":[89],"product_tag":[],"class_list":{"0":"post-7207","1":"product","2":"type-product","3":"status-publish","4":"has-post-thumbnail","6":"product_cat-akcesoria","8":"first","9":"instock","10":"taxable","11":"shipping-taxable","12":"purchasable","13":"product-type-simple"},"jetpack_sharing_enabled":true,"_links":{"self":[{"href":"https:\/\/happy-plants.pl\/index.php\/wp-json\/wp\/v2\/product\/7207","targetHints":{"allow":["GET"]}}],"collection":[{"href":"https:\/\/happy-plants.pl\/index.php\/wp-json\/wp\/v2\/product"}],"about":[{"href":"https:\/\/happy-plants.pl\/index.php\/wp-json\/wp\/v2\/types\/product"}],"wp:featuredmedia":[{"embeddable":true,"href":"https:\/\/happy-plants.pl\/index.php\/wp-json\/wp\/v2\/media\/7222"}],"wp:attachment":[{"href":"https:\/\/happy-plants.pl\/index.php\/wp-json\/wp\/v2\/media?parent=7207"}],"wp:term":[{"taxonomy":"product_brand","embeddable":true,"href":"https:\/\/happy-plants.pl\/index.php\/wp-json\/wp\/v2\/product_brand?post=7207"},{"taxonomy":"product_cat","embeddable":true,"href":"https:\/\/happy-plants.pl\/index.php\/wp-json\/wp\/v2\/product_cat?post=7207"},{"taxonomy":"product_tag","embeddable":true,"href":"https:\/\/happy-plants.pl\/index.php\/wp-json\/wp\/v2\/product_tag?post=7207"}],"curies":[{"name":"wp","href":"https:\/\/api.w.org\/{rel}","templated":true}]}}