{"id":7480,"date":"2023-12-14T12:50:31","date_gmt":"2023-12-14T11:50:31","guid":{"rendered":"https:\/\/happy-plants.pl\/?post_type=product&#038;p=7480"},"modified":"2026-04-19T08:37:22","modified_gmt":"2026-04-19T06:37:22","slug":"white-onesta-2","status":"publish","type":"product","link":"https:\/\/happy-plants.pl\/index.php\/produkt\/white-onesta-2\/","title":{"rendered":"White Onesta Dalia"},"content":{"rendered":"<p><strong>Typ produktu:<\/strong> karpa dalii<br \/>\n<strong>Kolor:<\/strong> bia\u0142y<br \/>\n<strong>Okres sadzenia:<\/strong> wiosna, po ostatnich przymrozkach<br \/>\n<strong>Okres kwitnienia:<\/strong> lipiec ? listopad<br \/>\n<strong>Rozmiar kwiatu:<\/strong> 10 -12 cm<br \/>\n<strong>Kszta\u0142t kwiatu:<\/strong> dekoracyjna<br \/>\n<strong>Kwiat ci\u0119ty:<\/strong> tak<br \/>\n<strong>Wysoko\u015b\u0107:<\/strong> 140 cm<br \/>\n<strong>Ilo\u015b\u0107 produktu w opakowaniu:<\/strong> jeden<br \/>\n<strong>Pochodzenie:<\/strong>\u00a0Farma kwiatowa Pod Grobl\u0105, Gospodarstwo z Ma\u0142opolski<\/p>\n<p><strong>WYSY\u0141KA zakupionych teraz karp dalii, b\u0119dzie przez nas realizowana w terminie do 30 kwietnia 2026 r.<\/strong><\/p>\n","protected":false},"excerpt":{"rendered":"<p>Typ produktu: karpa dalii Kolor: bia\u0142y Okres sadzenia: wiosna, po ostatnich przymrozkach Okres kwitnienia: lipiec ? listopad Rozmiar kwiatu: 10 -12 cm Kszta\u0142t kwiatu: dekoracyjna Kwiat ci\u0119ty: tak Wysoko\u015b\u0107: 140 cm Ilo\u015b\u0107 produktu w opakowaniu: jeden Pochodzenie:\u00a0Farma kwiatowa Pod Grobl\u0105, Gospodarstwo z Ma\u0142opolski WYSY\u0141KA zakupionych teraz karp dalii, b\u0119dzie przez nas realizowana w terminie do [&hellip;]<\/p>\n","protected":false},"featured_media":8054,"template":"","meta":[],"product_brand":[],"product_cat":[173,32],"product_tag":[],"class_list":{"0":"post-7480","1":"product","2":"type-product","3":"status-publish","4":"has-post-thumbnail","6":"product_cat-pg26","7":"product_cat-dalie","9":"first","10":"instock","11":"taxable","12":"shipping-taxable","13":"purchasable","14":"product-type-simple"},"jetpack_sharing_enabled":true,"_links":{"self":[{"href":"https:\/\/happy-plants.pl\/index.php\/wp-json\/wp\/v2\/product\/7480","targetHints":{"allow":["GET"]}}],"collection":[{"href":"https:\/\/happy-plants.pl\/index.php\/wp-json\/wp\/v2\/product"}],"about":[{"href":"https:\/\/happy-plants.pl\/index.php\/wp-json\/wp\/v2\/types\/product"}],"wp:featuredmedia":[{"embeddable":true,"href":"https:\/\/happy-plants.pl\/index.php\/wp-json\/wp\/v2\/media\/8054"}],"wp:attachment":[{"href":"https:\/\/happy-plants.pl\/index.php\/wp-json\/wp\/v2\/media?parent=7480"}],"wp:term":[{"taxonomy":"product_brand","embeddable":true,"href":"https:\/\/happy-plants.pl\/index.php\/wp-json\/wp\/v2\/product_brand?post=7480"},{"taxonomy":"product_cat","embeddable":true,"href":"https:\/\/happy-plants.pl\/index.php\/wp-json\/wp\/v2\/product_cat?post=7480"},{"taxonomy":"product_tag","embeddable":true,"href":"https:\/\/happy-plants.pl\/index.php\/wp-json\/wp\/v2\/product_tag?post=7480"}],"curies":[{"name":"wp","href":"https:\/\/api.w.org\/{rel}","templated":true}]}}