{"id":8130,"date":"2023-12-29T15:12:56","date_gmt":"2023-12-29T14:12:56","guid":{"rendered":"https:\/\/happy-plants.pl\/index.php\/produkt\/bloemenmengsel-blue-carpet\/"},"modified":"2026-04-25T00:02:36","modified_gmt":"2026-04-24T22:02:36","slug":"bloemenmengsel-blue-carpet","status":"publish","type":"product","link":"https:\/\/happy-plants.pl\/index.php\/produkt\/bloemenmengsel-blue-carpet\/","title":{"rendered":"Flower Blend Blue Carpet Mieszanka Nasion"},"content":{"rendered":"<p><strong>Typ produktu:<\/strong> Nasiona kwiat\u00f3w<br \/>\n<strong>Kolor:<\/strong> Niebieski<br \/>\n<strong>Czas wysiewu:<\/strong> Kwiecie\u0144 &#8211; Czerwiec<\/p>\n<p><strong>Okres kwitnienia:<\/strong> Lipiec &#8211; Wrzesie\u0144<\/p>\n<p><strong>G\u0142\u0119boko\u015b\u0107 wysiewu:<\/strong> 0,5 cm \/ 0,2&#8243;<br \/>\n<strong>Wysoko\u015b\u0107 ro\u015bliny:<\/strong> 40cm \/ 16&#8243;<\/p>\n<p><strong>Zawarto\u015b\u0107 opakowania:<\/strong> 1 paczka &#8211; oko\u0142o 10 gram\u00f3w &#8211; oko\u0142o 5 m2<br \/>\n<strong>Pochodzenie:<\/strong> Farma kwiatowa Fam Flower Farm, Holandia<\/p>\n<p><strong>WYSY\u0141KA zakupionych teraz nasion, b\u0119dzie przez nas realizowana w terminie: do 30 kwietnia 2025 r.<\/strong><\/p>\n","protected":false},"excerpt":{"rendered":"<p>Typ produktu: Nasiona kwiat\u00f3w Kolor: Niebieski Czas wysiewu: Kwiecie\u0144 &#8211; Czerwiec Okres kwitnienia: Lipiec &#8211; Wrzesie\u0144 G\u0142\u0119boko\u015b\u0107 wysiewu: 0,5 cm \/ 0,2&#8243; Wysoko\u015b\u0107 ro\u015bliny: 40cm \/ 16&#8243; Zawarto\u015b\u0107 opakowania: 1 paczka &#8211; oko\u0142o 10 gram\u00f3w &#8211; oko\u0142o 5 m2 Pochodzenie: Farma kwiatowa Fam Flower Farm, Holandia WYSY\u0141KA zakupionych teraz nasion, b\u0119dzie przez nas realizowana w [&hellip;]<\/p>\n","protected":false},"featured_media":8182,"template":"","meta":[],"product_brand":[],"product_cat":[25],"product_tag":[],"class_list":{"0":"post-8130","1":"product","2":"type-product","3":"status-publish","4":"has-post-thumbnail","6":"product_cat-nasiona-fam","8":"first","9":"instock","10":"sale","11":"taxable","12":"shipping-taxable","13":"purchasable","14":"product-type-simple"},"jetpack_sharing_enabled":true,"_links":{"self":[{"href":"https:\/\/happy-plants.pl\/index.php\/wp-json\/wp\/v2\/product\/8130","targetHints":{"allow":["GET"]}}],"collection":[{"href":"https:\/\/happy-plants.pl\/index.php\/wp-json\/wp\/v2\/product"}],"about":[{"href":"https:\/\/happy-plants.pl\/index.php\/wp-json\/wp\/v2\/types\/product"}],"wp:featuredmedia":[{"embeddable":true,"href":"https:\/\/happy-plants.pl\/index.php\/wp-json\/wp\/v2\/media\/8182"}],"wp:attachment":[{"href":"https:\/\/happy-plants.pl\/index.php\/wp-json\/wp\/v2\/media?parent=8130"}],"wp:term":[{"taxonomy":"product_brand","embeddable":true,"href":"https:\/\/happy-plants.pl\/index.php\/wp-json\/wp\/v2\/product_brand?post=8130"},{"taxonomy":"product_cat","embeddable":true,"href":"https:\/\/happy-plants.pl\/index.php\/wp-json\/wp\/v2\/product_cat?post=8130"},{"taxonomy":"product_tag","embeddable":true,"href":"https:\/\/happy-plants.pl\/index.php\/wp-json\/wp\/v2\/product_tag?post=8130"}],"curies":[{"name":"wp","href":"https:\/\/api.w.org\/{rel}","templated":true}]}}