{"id":8143,"date":"2023-12-29T15:12:58","date_gmt":"2023-12-29T14:12:58","guid":{"rendered":"https:\/\/happy-plants.pl\/index.php\/produkt\/cucurbita-queensland-blue\/"},"modified":"2026-04-24T12:28:47","modified_gmt":"2026-04-24T10:28:47","slug":"cucurbita-queensland-blue","status":"publish","type":"product","link":"https:\/\/happy-plants.pl\/index.php\/produkt\/cucurbita-queensland-blue\/","title":{"rendered":"Cucurbita Queensland Blue Nasiona Dynia"},"content":{"rendered":"<p><strong>Typ produktu:<\/strong> nasiona<br \/>\n<strong>Kolor:<\/strong> Zielony<br \/>\n<strong>Czas wysiewu:<\/strong> Kwiecie\u0144 &#8211; Maj<\/p>\n<p><strong>Okres kwitnienia:<\/strong> Wrzesie\u0144 &#8211; Pa\u017adziernik<\/p>\n<p><strong>Inna nazwa:<\/strong> Dynia<\/p>\n<p><strong>G\u0142\u0119boko\u015b\u0107 wysiewu:<\/strong> 2 cm \/ 0,8&#8243;<\/p>\n<p><strong>Zawarto\u015b\u0107 opakowania:<\/strong> 1 paczka &#8211; oko\u0142o 3,5 grama &#8211; oko\u0142o 16 nasion<\/p>\n<p><strong>Czas wschodu:<\/strong> 1 &#8211; 2 tygodnie<\/p>\n<p><strong>Czas do kwitnienia:<\/strong> 13 &#8211; 14 tygodni<br \/>\n<strong>Pochodzenie:<\/strong> Farma kwiatowa Fam Flower Farm, Holandia<\/p>\n<p><strong>WYSY\u0141KA zakupionych teraz nasion, b\u0119dzie przez nas realizowana w terminie: do 30 kwietnia 2025 r.<\/strong><\/p>\n","protected":false},"excerpt":{"rendered":"<p>Typ produktu: nasiona Kolor: Zielony Czas wysiewu: Kwiecie\u0144 &#8211; Maj Okres kwitnienia: Wrzesie\u0144 &#8211; Pa\u017adziernik Inna nazwa: Dynia G\u0142\u0119boko\u015b\u0107 wysiewu: 2 cm \/ 0,8&#8243; Zawarto\u015b\u0107 opakowania: 1 paczka &#8211; oko\u0142o 3,5 grama &#8211; oko\u0142o 16 nasion Czas wschodu: 1 &#8211; 2 tygodnie Czas do kwitnienia: 13 &#8211; 14 tygodni Pochodzenie: Farma kwiatowa Fam Flower Farm, [&hellip;]<\/p>\n","protected":false},"featured_media":8198,"template":"","meta":[],"product_brand":[],"product_cat":[25],"product_tag":[],"class_list":{"0":"post-8143","1":"product","2":"type-product","3":"status-publish","4":"has-post-thumbnail","6":"product_cat-nasiona-fam","8":"first","9":"instock","10":"sale","11":"taxable","12":"shipping-taxable","13":"purchasable","14":"product-type-simple"},"jetpack_sharing_enabled":true,"_links":{"self":[{"href":"https:\/\/happy-plants.pl\/index.php\/wp-json\/wp\/v2\/product\/8143","targetHints":{"allow":["GET"]}}],"collection":[{"href":"https:\/\/happy-plants.pl\/index.php\/wp-json\/wp\/v2\/product"}],"about":[{"href":"https:\/\/happy-plants.pl\/index.php\/wp-json\/wp\/v2\/types\/product"}],"wp:featuredmedia":[{"embeddable":true,"href":"https:\/\/happy-plants.pl\/index.php\/wp-json\/wp\/v2\/media\/8198"}],"wp:attachment":[{"href":"https:\/\/happy-plants.pl\/index.php\/wp-json\/wp\/v2\/media?parent=8143"}],"wp:term":[{"taxonomy":"product_brand","embeddable":true,"href":"https:\/\/happy-plants.pl\/index.php\/wp-json\/wp\/v2\/product_brand?post=8143"},{"taxonomy":"product_cat","embeddable":true,"href":"https:\/\/happy-plants.pl\/index.php\/wp-json\/wp\/v2\/product_cat?post=8143"},{"taxonomy":"product_tag","embeddable":true,"href":"https:\/\/happy-plants.pl\/index.php\/wp-json\/wp\/v2\/product_tag?post=8143"}],"curies":[{"name":"wp","href":"https:\/\/api.w.org\/{rel}","templated":true}]}}