{"id":8147,"date":"2023-12-29T15:12:58","date_gmt":"2023-12-29T14:12:58","guid":{"rendered":"https:\/\/happy-plants.pl\/index.php\/produkt\/helianthus-orange-sun\/"},"modified":"2026-04-24T21:48:11","modified_gmt":"2026-04-24T19:48:11","slug":"helianthus-orange-sun","status":"publish","type":"product","link":"https:\/\/happy-plants.pl\/index.php\/produkt\/helianthus-orange-sun\/","title":{"rendered":"Helianthus Orange Sun Nasiona S\u0142onecznik"},"content":{"rendered":"<p><strong>Typ produktu:<\/strong> nasiona<br \/>\n<strong>Kolor:<\/strong> \u017b\u00f3\u0142ty<br \/>\n<strong>Czas wysiewu:<\/strong> Kwiecie\u0144 &#8211; Czerwiec<\/p>\n<p><strong>Okres kwitnienia:<\/strong> Sierpie\u0144 &#8211; Pa\u017adziernik<\/p>\n<p><strong>Inna nazwa:<\/strong> S\u0142onecznik<br \/>\n<strong>Kwiat ci\u0119ty:<\/strong> Tak<\/p>\n<p><strong>Przyjazny zapylaczom:<\/strong> Tak<\/p>\n<p><strong>G\u0142\u0119boko\u015b\u0107 wysiewu:<\/strong> 2 cm \/ 0,8&#8243;<br \/>\n<strong>Wysoko\u015b\u0107 ro\u015bliny:<\/strong> 130 cm \/ 50&#8243;<\/p>\n<p><strong>Zawarto\u015b\u0107 opakowania:<\/strong> 1 paczka &#8211; oko\u0142o 2 gramy &#8211; oko\u0142o 55 nasion<\/p>\n<p><strong>Czas wschodu:<\/strong> 1 &#8211; 2 tygodnie<\/p>\n<p><strong>Czas do kwitnienia:<\/strong> 13 &#8211; 14 tygodni<br \/>\n<strong>Pochodzenie:<\/strong> Farma kwiatowa Fam Flower Farm, Holandia<\/p>\n<p><strong>WYSY\u0141KA zakupionych teraz nasion, b\u0119dzie przez nas realizowana w terminie: do 30 kwietnia 2025 r.<\/strong><\/p>\n","protected":false},"excerpt":{"rendered":"<p>Typ produktu: nasiona Kolor: \u017b\u00f3\u0142ty Czas wysiewu: Kwiecie\u0144 &#8211; Czerwiec Okres kwitnienia: Sierpie\u0144 &#8211; Pa\u017adziernik Inna nazwa: S\u0142onecznik Kwiat ci\u0119ty: Tak Przyjazny zapylaczom: Tak G\u0142\u0119boko\u015b\u0107 wysiewu: 2 cm \/ 0,8&#8243; Wysoko\u015b\u0107 ro\u015bliny: 130 cm \/ 50&#8243; Zawarto\u015b\u0107 opakowania: 1 paczka &#8211; oko\u0142o 2 gramy &#8211; oko\u0142o 55 nasion Czas wschodu: 1 &#8211; 2 tygodnie Czas [&hellip;]<\/p>\n","protected":false},"featured_media":8211,"template":"","meta":[],"product_brand":[],"product_cat":[25],"product_tag":[],"class_list":{"0":"post-8147","1":"product","2":"type-product","3":"status-publish","4":"has-post-thumbnail","6":"product_cat-nasiona-fam","8":"first","9":"instock","10":"sale","11":"taxable","12":"shipping-taxable","13":"purchasable","14":"product-type-simple"},"jetpack_sharing_enabled":true,"_links":{"self":[{"href":"https:\/\/happy-plants.pl\/index.php\/wp-json\/wp\/v2\/product\/8147","targetHints":{"allow":["GET"]}}],"collection":[{"href":"https:\/\/happy-plants.pl\/index.php\/wp-json\/wp\/v2\/product"}],"about":[{"href":"https:\/\/happy-plants.pl\/index.php\/wp-json\/wp\/v2\/types\/product"}],"wp:featuredmedia":[{"embeddable":true,"href":"https:\/\/happy-plants.pl\/index.php\/wp-json\/wp\/v2\/media\/8211"}],"wp:attachment":[{"href":"https:\/\/happy-plants.pl\/index.php\/wp-json\/wp\/v2\/media?parent=8147"}],"wp:term":[{"taxonomy":"product_brand","embeddable":true,"href":"https:\/\/happy-plants.pl\/index.php\/wp-json\/wp\/v2\/product_brand?post=8147"},{"taxonomy":"product_cat","embeddable":true,"href":"https:\/\/happy-plants.pl\/index.php\/wp-json\/wp\/v2\/product_cat?post=8147"},{"taxonomy":"product_tag","embeddable":true,"href":"https:\/\/happy-plants.pl\/index.php\/wp-json\/wp\/v2\/product_tag?post=8147"}],"curies":[{"name":"wp","href":"https:\/\/api.w.org\/{rel}","templated":true}]}}