{"id":8152,"date":"2023-12-29T15:12:59","date_gmt":"2023-12-29T14:12:59","guid":{"rendered":"https:\/\/happy-plants.pl\/index.php\/produkt\/limonium-forever-silver\/"},"modified":"2026-04-25T00:02:36","modified_gmt":"2026-04-24T22:02:36","slug":"limonium-forever-silver","status":"publish","type":"product","link":"https:\/\/happy-plants.pl\/index.php\/produkt\/limonium-forever-silver\/","title":{"rendered":"Limonium Forever Silver Nasiona Zatrwian"},"content":{"rendered":"<p><strong>Typ produktu:<\/strong> nasiona<br \/>\n<strong>Kolor:<\/strong> Bia\u0142y<br \/>\n<strong>Czas wysiewu:<\/strong> Kwiecie\u0144 &#8211; Czerwiec<\/p>\n<p><strong>Okres kwitnienia:<\/strong> Czerwiec &#8211; Wrzesie\u0144<br \/>\n<strong>Kwiat ci\u0119ty:<\/strong> Tak<\/p>\n<p><strong>Przyjazny zapylaczom:<\/strong> Tak<\/p>\n<p><strong>Kwiaty suszone:<\/strong> Tak<\/p>\n<p><strong>G\u0142\u0119boko\u015b\u0107 wysiewu:<\/strong> 2 cm \/ 0,8&#8243;<br \/>\n<strong>Wysoko\u015b\u0107 ro\u015bliny:<\/strong> 65 cm \/ 26&#8243;<\/p>\n<p><strong>Zawarto\u015b\u0107 opakowania:<\/strong> 1 paczka &#8211; oko\u0142o 0,3 grama &#8211; oko\u0142o 100 nasion<\/p>\n<p><strong>Czas wschodu:<\/strong> 2 &#8211; 3 tygodnie<\/p>\n<p><strong>Czas do kwitnienia:<\/strong> 11 &#8211; 13 tygodni<br \/>\n<strong>Pochodzenie:<\/strong> Farma kwiatowa Fam Flower Farm, Holandia<\/p>\n<p><strong>WYSY\u0141KA zakupionych teraz nasion, b\u0119dzie przez nas realizowana w terminie: do 30 kwietnia 2025 r.<\/strong><\/p>\n","protected":false},"excerpt":{"rendered":"<p>Typ produktu: nasiona Kolor: Bia\u0142y Czas wysiewu: Kwiecie\u0144 &#8211; Czerwiec Okres kwitnienia: Czerwiec &#8211; Wrzesie\u0144 Kwiat ci\u0119ty: Tak Przyjazny zapylaczom: Tak Kwiaty suszone: Tak G\u0142\u0119boko\u015b\u0107 wysiewu: 2 cm \/ 0,8&#8243; Wysoko\u015b\u0107 ro\u015bliny: 65 cm \/ 26&#8243; Zawarto\u015b\u0107 opakowania: 1 paczka &#8211; oko\u0142o 0,3 grama &#8211; oko\u0142o 100 nasion Czas wschodu: 2 &#8211; 3 tygodnie Czas [&hellip;]<\/p>\n","protected":false},"featured_media":8222,"template":"","meta":[],"product_brand":[],"product_cat":[25],"product_tag":[],"class_list":{"0":"post-8152","1":"product","2":"type-product","3":"status-publish","4":"has-post-thumbnail","6":"product_cat-nasiona-fam","8":"first","9":"instock","10":"sale","11":"taxable","12":"shipping-taxable","13":"purchasable","14":"product-type-simple"},"jetpack_sharing_enabled":true,"_links":{"self":[{"href":"https:\/\/happy-plants.pl\/index.php\/wp-json\/wp\/v2\/product\/8152","targetHints":{"allow":["GET"]}}],"collection":[{"href":"https:\/\/happy-plants.pl\/index.php\/wp-json\/wp\/v2\/product"}],"about":[{"href":"https:\/\/happy-plants.pl\/index.php\/wp-json\/wp\/v2\/types\/product"}],"wp:featuredmedia":[{"embeddable":true,"href":"https:\/\/happy-plants.pl\/index.php\/wp-json\/wp\/v2\/media\/8222"}],"wp:attachment":[{"href":"https:\/\/happy-plants.pl\/index.php\/wp-json\/wp\/v2\/media?parent=8152"}],"wp:term":[{"taxonomy":"product_brand","embeddable":true,"href":"https:\/\/happy-plants.pl\/index.php\/wp-json\/wp\/v2\/product_brand?post=8152"},{"taxonomy":"product_cat","embeddable":true,"href":"https:\/\/happy-plants.pl\/index.php\/wp-json\/wp\/v2\/product_cat?post=8152"},{"taxonomy":"product_tag","embeddable":true,"href":"https:\/\/happy-plants.pl\/index.php\/wp-json\/wp\/v2\/product_tag?post=8152"}],"curies":[{"name":"wp","href":"https:\/\/api.w.org\/{rel}","templated":true}]}}