{"id":8157,"date":"2023-12-29T15:13:00","date_gmt":"2023-12-29T14:13:00","guid":{"rendered":"https:\/\/happy-plants.pl\/index.php\/produkt\/phlox-sugar-stars\/"},"modified":"2026-04-25T00:02:36","modified_gmt":"2026-04-24T22:02:36","slug":"phlox-sugar-stars","status":"publish","type":"product","link":"https:\/\/happy-plants.pl\/index.php\/produkt\/phlox-sugar-stars\/","title":{"rendered":"Phlox Sugar Stars Nasiona Floks"},"content":{"rendered":"<p><strong>Typ produktu:<\/strong> nasiona<br \/>\n<strong>Kolor:<\/strong> Fioletowy<br \/>\n<strong>Czas wysiewu:<\/strong> Kwiecie\u0144 &#8211; Maj<\/p>\n<p><strong>Okres kwitnienia:<\/strong> Lipiec &#8211; Wrzesie\u0144<br \/>\n<strong>Kwiat ci\u0119ty:<\/strong> Tak<\/p>\n<p><strong>Przyjazny zapylaczom:<\/strong> Tak<\/p>\n<p><strong>Kwiat doniczkowy:<\/strong> Tak<\/p>\n<p><strong>G\u0142\u0119boko\u015b\u0107 wysiewu:<\/strong> 0,5 cm \/ 0,2&#8243;<br \/>\n<strong>Wysoko\u015b\u0107 ro\u015bliny:<\/strong> 45cm \/ 18&#8243;<\/p>\n<p><strong>Zawarto\u015b\u0107 opakowania:<\/strong> 1 paczka &#8211; oko\u0142o 0,35 grama &#8211; oko\u0142o 120 nasion<\/p>\n<p><strong>Czas wschodu:<\/strong> 2 &#8211; 3 tygodnie<\/p>\n<p><strong>Czas do kwitnienia:<\/strong> 10 &#8211; 12 tygodni<br \/>\n<strong>Pochodzenie:<\/strong> Farma kwiatowa Fam Flower Farm, Holandia<\/p>\n<p><strong>WYSY\u0141KA zakupionych teraz nasion, b\u0119dzie przez nas realizowana w terminie: do 30 kwietnia 2025 r.<\/strong><\/p>\n","protected":false},"excerpt":{"rendered":"<p>Typ produktu: nasiona Kolor: Fioletowy Czas wysiewu: Kwiecie\u0144 &#8211; Maj Okres kwitnienia: Lipiec &#8211; Wrzesie\u0144 Kwiat ci\u0119ty: Tak Przyjazny zapylaczom: Tak Kwiat doniczkowy: Tak G\u0142\u0119boko\u015b\u0107 wysiewu: 0,5 cm \/ 0,2&#8243; Wysoko\u015b\u0107 ro\u015bliny: 45cm \/ 18&#8243; Zawarto\u015b\u0107 opakowania: 1 paczka &#8211; oko\u0142o 0,35 grama &#8211; oko\u0142o 120 nasion Czas wschodu: 2 &#8211; 3 tygodnie Czas do [&hellip;]<\/p>\n","protected":false},"featured_media":8230,"template":"","meta":[],"product_brand":[],"product_cat":[25],"product_tag":[],"class_list":{"0":"post-8157","1":"product","2":"type-product","3":"status-publish","4":"has-post-thumbnail","6":"product_cat-nasiona-fam","8":"first","9":"instock","10":"sale","11":"taxable","12":"shipping-taxable","13":"purchasable","14":"product-type-simple"},"jetpack_sharing_enabled":true,"_links":{"self":[{"href":"https:\/\/happy-plants.pl\/index.php\/wp-json\/wp\/v2\/product\/8157","targetHints":{"allow":["GET"]}}],"collection":[{"href":"https:\/\/happy-plants.pl\/index.php\/wp-json\/wp\/v2\/product"}],"about":[{"href":"https:\/\/happy-plants.pl\/index.php\/wp-json\/wp\/v2\/types\/product"}],"wp:featuredmedia":[{"embeddable":true,"href":"https:\/\/happy-plants.pl\/index.php\/wp-json\/wp\/v2\/media\/8230"}],"wp:attachment":[{"href":"https:\/\/happy-plants.pl\/index.php\/wp-json\/wp\/v2\/media?parent=8157"}],"wp:term":[{"taxonomy":"product_brand","embeddable":true,"href":"https:\/\/happy-plants.pl\/index.php\/wp-json\/wp\/v2\/product_brand?post=8157"},{"taxonomy":"product_cat","embeddable":true,"href":"https:\/\/happy-plants.pl\/index.php\/wp-json\/wp\/v2\/product_cat?post=8157"},{"taxonomy":"product_tag","embeddable":true,"href":"https:\/\/happy-plants.pl\/index.php\/wp-json\/wp\/v2\/product_tag?post=8157"}],"curies":[{"name":"wp","href":"https:\/\/api.w.org\/{rel}","templated":true}]}}